{"id":61,"date":"2026-04-01T12:44:29","date_gmt":"2026-04-01T10:44:29","guid":{"rendered":"https:\/\/www.biljardklub-gomes.com\/?page_id=61"},"modified":"2026-04-06T12:48:04","modified_gmt":"2026-04-06T10:48:04","slug":"sola-biljarda","status":"publish","type":"page","link":"https:\/\/www.biljardklub-gomes.com\/index.php\/sola-biljarda\/","title":{"rendered":"\u0160OLA BILJARDA"},"content":{"rendered":"\t\t<div data-elementor-type=\"wp-post\" data-elementor-id=\"61\" class=\"elementor elementor-61\">\n\t\t\t\t<div class=\"elementor-element elementor-element-7bbdef47 e-flex e-con-boxed e-con e-parent\" data-id=\"7bbdef47\" data-element_type=\"container\" data-e-type=\"container\">\n\t\t\t\t\t<div class=\"e-con-inner\">\n\t\t\t\t<div class=\"elementor-element elementor-element-24cf079 elementor-widget elementor-widget-text-editor\" data-id=\"24cf079\" data-element_type=\"widget\" data-e-type=\"widget\" data-widget_type=\"text-editor.default\">\n\t\t\t\t\t\t\t\t\t<p><br \/><br \/><\/p>\t\t\t\t\t\t\t\t<\/div>\n\t\t\t\t\t<\/div>\n\t\t\t\t<\/div>\n\t\t<div class=\"elementor-element elementor-element-1678bde1 e-con-full e-flex e-con e-parent\" data-id=\"1678bde1\" data-element_type=\"container\" data-e-type=\"container\">\n\t\t\t\t\t\t\t\n\t\t\t<a\n\t\t\t\t\t\thref=\"https:\/\/www.biljardklub-gomes.com\/\"\n\t\t\tclass=\"e-image-link-base\"\n\t\t\ttarget=\"_self\"\n\t\t\tdata-interaction-id=\"45ad3618\"\n\t\t>\n\t\t<img class=\"e-image-base e-45ad3618-c4fecd3\" \n\t\t \n\t\t \n\t\t\t\t\t\t\t\t\tid=\"345\"\n\t\t\t\t\t\t\t\t\t\t\t\tsrc=\"https:\/\/www.biljardklub-gomes.com\/wp-content\/uploads\/2026\/04\/26-25-LET-LOGO-MINI-crni.png\"\n\t\t\t\t\t\t\t\t\t\t\t\twidth=\"228\"\n\t\t\t\t\t\t\t\t\t\t\t\theight=\"149\"\n\t\t\t\t\t\t\t\t\t\t\t\tsrcset=\"\"\n\t\t\t\t\t\t\t\t\t\t\t\talt=\"\"\n\t\t\t\t\t\t\/>\n\t\t\t<\/a>\n\t\t\t\t\t<\/div>\n\t\t<div class=\"elementor-element elementor-element-d8b8b5f e-flex e-con-boxed e-con e-parent\" data-id=\"d8b8b5f\" data-element_type=\"container\" data-e-type=\"container\">\n\t\t\t\t\t<div class=\"e-con-inner\">\n\t\t\t\t<div class=\"elementor-element elementor-element-662755b elementor-widget elementor-widget-text-editor\" data-id=\"662755b\" data-element_type=\"widget\" data-e-type=\"widget\" data-widget_type=\"text-editor.default\">\n\t\t\t\t\t\t\t\t\t<p style=\"text-align: center;\">V Biljard klubu Gomes se lahko pohvalimo z devetimi mednarodno licenciranimi in\u0161truktorji biljarda, ki lahko s svojim znanjem in izku\u0161njami pripomorejo vsakomur k bolj\u0161i igri in razumevanju biljarda.\u00a0<\/p><p style=\"text-align: center;\">Vse informacije o treningih biljarda: klavdij.ferle@gmail.com<\/p><p style=\"text-align: center;\">\u0160ola biljarda za punce &#8211; vsako sredo &#8211; 16.00 &#8211; 17.30<br \/>\u0160ola biljarda za fante &#8211; vsak \u010detrtek &#8211; 16.00 &#8211; 17.30<\/p>\t\t\t\t\t\t\t\t<\/div>\n\t\t\t\t\t<\/div>\n\t\t\t\t<\/div>\n\t\t<div class=\"elementor-element elementor-element-3fab7e6 e-grid e-con-boxed e-con e-parent\" data-id=\"3fab7e6\" data-element_type=\"container\" data-e-type=\"container\">\n\t\t\t\t\t<div class=\"e-con-inner\">\n\t\t\t\t\t\t\t\n\t\t<img class=\"e-image-base \" \n\t\t\t\t\tdata-interaction-id=\"086678e\" \n\t\t \n\t\t \n\t\t\t\t\t\t\t\t\tid=\"315\"\n\t\t\t\t\t\t\t\t\t\t\t\tsrc=\"https:\/\/www.biljardklub-gomes.com\/wp-content\/uploads\/2026\/04\/sola-biljarda.jpg\"\n\t\t\t\t\t\t\t\t\t\t\t\twidth=\"2048\"\n\t\t\t\t\t\t\t\t\t\t\t\theight=\"1152\"\n\t\t\t\t\t\t\t\t\t\t\t\tsrcset=\"https:\/\/www.biljardklub-gomes.com\/wp-content\/uploads\/2026\/04\/sola-biljarda.jpg 2048w, https:\/\/www.biljardklub-gomes.com\/wp-content\/uploads\/2026\/04\/sola-biljarda-300x169.jpg 300w, https:\/\/www.biljardklub-gomes.com\/wp-content\/uploads\/2026\/04\/sola-biljarda-1024x576.jpg 1024w, https:\/\/www.biljardklub-gomes.com\/wp-content\/uploads\/2026\/04\/sola-biljarda-768x432.jpg 768w, https:\/\/www.biljardklub-gomes.com\/wp-content\/uploads\/2026\/04\/sola-biljarda-1536x864.jpg 1536w\"\n\t\t\t\t\t\t\t\t\t\t\t\talt=\"\"\n\t\t\t\t\t\t\/>\n\t\t\t\t\t<div class=\"elementor-element elementor-element-981c16d elementor-widget elementor-widget-image\" data-id=\"981c16d\" data-element_type=\"widget\" data-e-type=\"widget\" data-widget_type=\"image.default\">\n\t\t\t\t\t\t\t\t\t\t\t\t\t\t\t<img fetchpriority=\"high\" decoding=\"async\" width=\"1024\" height=\"768\" src=\"https:\/\/www.biljardklub-gomes.com\/wp-content\/uploads\/2026\/04\/trenersko-izobrazevanje-1024x768.jpeg\" class=\"attachment-large size-large wp-image-316\" alt=\"\" srcset=\"https:\/\/www.biljardklub-gomes.com\/wp-content\/uploads\/2026\/04\/trenersko-izobrazevanje-1024x768.jpeg 1024w, https:\/\/www.biljardklub-gomes.com\/wp-content\/uploads\/2026\/04\/trenersko-izobrazevanje-300x225.jpeg 300w, https:\/\/www.biljardklub-gomes.com\/wp-content\/uploads\/2026\/04\/trenersko-izobrazevanje-768x576.jpeg 768w, https:\/\/www.biljardklub-gomes.com\/wp-content\/uploads\/2026\/04\/trenersko-izobrazevanje.jpeg 1440w\" sizes=\"(max-width: 1024px) 100vw, 1024px\" \/>\t\t\t\t\t\t\t\t\t\t\t\t\t\t\t<\/div>\n\t\t\t\t\t\t\t\n\t\t<img class=\"e-image-base \" \n\t\t\t\t\tdata-interaction-id=\"3317807\" \n\t\t \n\t\t \n\t\t\t\t\t\t\t\t\tid=\"314\"\n\t\t\t\t\t\t\t\t\t\t\t\tsrc=\"https:\/\/www.biljardklub-gomes.com\/wp-content\/uploads\/2026\/04\/mali-trenira.jpg\"\n\t\t\t\t\t\t\t\t\t\t\t\twidth=\"2048\"\n\t\t\t\t\t\t\t\t\t\t\t\theight=\"1152\"\n\t\t\t\t\t\t\t\t\t\t\t\tsrcset=\"https:\/\/www.biljardklub-gomes.com\/wp-content\/uploads\/2026\/04\/mali-trenira.jpg 2048w, https:\/\/www.biljardklub-gomes.com\/wp-content\/uploads\/2026\/04\/mali-trenira-300x169.jpg 300w, https:\/\/www.biljardklub-gomes.com\/wp-content\/uploads\/2026\/04\/mali-trenira-1024x576.jpg 1024w, https:\/\/www.biljardklub-gomes.com\/wp-content\/uploads\/2026\/04\/mali-trenira-768x432.jpg 768w, https:\/\/www.biljardklub-gomes.com\/wp-content\/uploads\/2026\/04\/mali-trenira-1536x864.jpg 1536w\"\n\t\t\t\t\t\t\t\t\t\t\t\talt=\"\"\n\t\t\t\t\t\t\/>\n\t\t\t\t\t\t<\/div>\n\t\t\t\t<\/div>\n\t\t<div class=\"elementor-element elementor-element-36a42852 e-flex e-con-boxed e-con e-parent\" data-id=\"36a42852\" data-element_type=\"container\" data-e-type=\"container\">\n\t\t\t\t\t<div class=\"e-con-inner\">\n\t\t\t\t<div class=\"elementor-element elementor-element-348a38eb elementor-widget elementor-widget-google_maps\" data-id=\"348a38eb\" data-element_type=\"widget\" data-e-type=\"widget\" data-widget_type=\"google_maps.default\">\n\t\t\t\t\t\t\t<div class=\"elementor-custom-embed\">\n\t\t\t<iframe loading=\"lazy\"\n\t\t\t\t\tsrc=\"https:\/\/maps.google.com\/maps?q=biljard%20klub%20gomes&#038;t=m&#038;z=15&#038;output=embed&#038;iwloc=near\"\n\t\t\t\t\ttitle=\"biljard klub gomes\"\n\t\t\t\t\taria-label=\"biljard klub gomes\"\n\t\t\t><\/iframe>\n\t\t<\/div>\n\t\t\t\t\t\t<\/div>\n\t\t\t\t\t<\/div>\n\t\t\t\t<\/div>\n\t\t\t\t<\/div>\n\t\t","protected":false},"excerpt":{"rendered":"<p>V Biljard klubu Gomes se lahko pohvalimo z devetimi mednarodno licenciranimi in\u0161truktorji biljarda, ki lahko s svojim znanjem in izku\u0161njami [&hellip;]<\/p>\n","protected":false},"author":1,"featured_media":0,"parent":0,"menu_order":0,"comment_status":"closed","ping_status":"closed","template":"","meta":{"site-sidebar-layout":"no-sidebar","site-content-layout":"","ast-site-content-layout":"full-width-container","site-content-style":"default","site-sidebar-style":"default","ast-global-header-display":"","ast-banner-title-visibility":"disabled","ast-main-header-display":"","ast-hfb-above-header-display":"","ast-hfb-below-header-display":"","ast-hfb-mobile-header-display":"","site-post-title":"","ast-breadcrumbs-content":"","ast-featured-img":"disabled","footer-sml-layout":"","ast-disable-related-posts":"","theme-transparent-header-meta":"","adv-header-id-meta":"","stick-header-meta":"","header-above-stick-meta":"","header-main-stick-meta":"","header-below-stick-meta":"","astra-migrate-meta-layouts":"default","ast-page-background-enabled":"default","ast-page-background-meta":{"desktop":{"background-color":"var(--ast-global-color-4)","background-image":"","background-repeat":"repeat","background-position":"center center","background-size":"auto","background-attachment":"scroll","background-type":"","background-media":"","overlay-type":"","overlay-color":"","overlay-opacity":"","overlay-gradient":""},"tablet":{"background-color":"","background-image":"","background-repeat":"repeat","background-position":"center center","background-size":"auto","background-attachment":"scroll","background-type":"","background-media":"","overlay-type":"","overlay-color":"","overlay-opacity":"","overlay-gradient":""},"mobile":{"background-color":"","background-image":"","background-repeat":"repeat","background-position":"center center","background-size":"auto","background-attachment":"scroll","background-type":"","background-media":"","overlay-type":"","overlay-color":"","overlay-opacity":"","overlay-gradient":""}},"ast-content-background-meta":{"desktop":{"background-color":"var(--ast-global-color-5)","background-image":"","background-repeat":"repeat","background-position":"center center","background-size":"auto","background-attachment":"scroll","background-type":"","background-media":"","overlay-type":"","overlay-color":"","overlay-opacity":"","overlay-gradient":""},"tablet":{"background-color":"var(--ast-global-color-5)","background-image":"","background-repeat":"repeat","background-position":"center center","background-size":"auto","background-attachment":"scroll","background-type":"","background-media":"","overlay-type":"","overlay-color":"","overlay-opacity":"","overlay-gradient":""},"mobile":{"background-color":"var(--ast-global-color-5)","background-image":"","background-repeat":"repeat","background-position":"center center","background-size":"auto","background-attachment":"scroll","background-type":"","background-media":"","overlay-type":"","overlay-color":"","overlay-opacity":"","overlay-gradient":""}},"footnotes":""},"class_list":["post-61","page","type-page","status-publish","hentry"],"_links":{"self":[{"href":"https:\/\/www.biljardklub-gomes.com\/index.php\/wp-json\/wp\/v2\/pages\/61","targetHints":{"allow":["GET"]}}],"collection":[{"href":"https:\/\/www.biljardklub-gomes.com\/index.php\/wp-json\/wp\/v2\/pages"}],"about":[{"href":"https:\/\/www.biljardklub-gomes.com\/index.php\/wp-json\/wp\/v2\/types\/page"}],"author":[{"embeddable":true,"href":"https:\/\/www.biljardklub-gomes.com\/index.php\/wp-json\/wp\/v2\/users\/1"}],"replies":[{"embeddable":true,"href":"https:\/\/www.biljardklub-gomes.com\/index.php\/wp-json\/wp\/v2\/comments?post=61"}],"version-history":[{"count":15,"href":"https:\/\/www.biljardklub-gomes.com\/index.php\/wp-json\/wp\/v2\/pages\/61\/revisions"}],"predecessor-version":[{"id":383,"href":"https:\/\/www.biljardklub-gomes.com\/index.php\/wp-json\/wp\/v2\/pages\/61\/revisions\/383"}],"wp:attachment":[{"href":"https:\/\/www.biljardklub-gomes.com\/index.php\/wp-json\/wp\/v2\/media?parent=61"}],"curies":[{"name":"wp","href":"https:\/\/api.w.org\/{rel}","templated":true}]}}