{"id":8,"date":"2024-12-26T19:51:59","date_gmt":"2024-12-26T19:51:59","guid":{"rendered":"http:\/\/www.biljardklub-gomes.com\/?page_id=8"},"modified":"2026-04-06T12:44:54","modified_gmt":"2026-04-06T10:44:54","slug":"home","status":"publish","type":"page","link":"https:\/\/www.biljardklub-gomes.com\/","title":{"rendered":"DOMOV"},"content":{"rendered":"\t\t<div data-elementor-type=\"wp-page\" data-elementor-id=\"8\" class=\"elementor elementor-8\">\n\t\t\t\t<div class=\"elementor-element elementor-element-f8d3a45 e-flex e-con-boxed e-con e-parent\" data-id=\"f8d3a45\" data-element_type=\"container\" data-e-type=\"container\">\n\t\t\t\t\t<div class=\"e-con-inner\">\n\t\t\t\t<div class=\"elementor-element elementor-element-9b555da elementor-widget elementor-widget-text-editor\" data-id=\"9b555da\" data-element_type=\"widget\" data-e-type=\"widget\" data-widget_type=\"text-editor.default\">\n\t\t\t\t\t\t\t\t\t<p><br \/><br \/><\/p>\t\t\t\t\t\t\t\t<\/div>\n\t\t\t\t\t<\/div>\n\t\t\t\t<\/div>\n\t\t<div class=\"elementor-element elementor-element-786adfb e-con-full e-flex e-con e-parent\" data-id=\"786adfb\" data-element_type=\"container\" data-e-type=\"container\">\n\t\t\t\t\t\t\t\n\t\t\t<a\n\t\t\t\t\t\thref=\"https:\/\/www.biljardklub-gomes.com\/\"\n\t\t\tclass=\"e-image-link-base\"\n\t\t\ttarget=\"_self\"\n\t\t\tdata-interaction-id=\"6a52824\"\n\t\t>\n\t\t<img class=\"e-image-base e-6a52824-7d54df4\" \n\t\t \n\t\t \n\t\t\t\t\t\t\t\t\tid=\"345\"\n\t\t\t\t\t\t\t\t\t\t\t\tsrc=\"https:\/\/www.biljardklub-gomes.com\/wp-content\/uploads\/2026\/04\/26-25-LET-LOGO-MINI-crni.png\"\n\t\t\t\t\t\t\t\t\t\t\t\twidth=\"228\"\n\t\t\t\t\t\t\t\t\t\t\t\theight=\"149\"\n\t\t\t\t\t\t\t\t\t\t\t\tsrcset=\"\"\n\t\t\t\t\t\t\t\t\t\t\t\talt=\"\"\n\t\t\t\t\t\t\/>\n\t\t\t<\/a>\n\t\t\t\t\t<\/div>\n\t\t<div class=\"elementor-element elementor-element-892da75 e-flex e-con-boxed e-con e-parent\" data-id=\"892da75\" data-element_type=\"container\" data-e-type=\"container\">\n\t\t\t\t\t<div class=\"e-con-inner\">\n\t\t\t\t<div class=\"elementor-element elementor-element-bf3c10c elementor-widget elementor-widget-text-editor\" data-id=\"bf3c10c\" data-element_type=\"widget\" data-e-type=\"widget\" data-widget_type=\"text-editor.default\">\n\t\t\t\t\t\t\t\t\t<p style=\"text-align: center;\"><br \/>\u00a0Najstarej\u0161i biljard klub na \u0160tajerskem &#8211; ustanovljen leta 2000<\/p><p style=\"text-align: center;\">ODPIRALNI \u010cAS:<br \/>Delavniki 16.00 &#8211; 22.00<br \/>Sobota 18.00 &#8211; 22.00<br \/>Nedelje in prazniki &#8211;\u00a0 ZAPRTO<\/p><p style=\"text-align: center;\">Rezervacije: 041 679 289<\/p>\t\t\t\t\t\t\t\t<\/div>\n\t\t\t\t\t<\/div>\n\t\t\t\t<\/div>\n\t\t<div class=\"elementor-element elementor-element-b5ef256 e-flex e-con-boxed e-con e-parent\" data-id=\"b5ef256\" data-element_type=\"container\" data-e-type=\"container\">\n\t\t\t\t\t<div class=\"e-con-inner\">\n\t\t\t\t<div class=\"elementor-element elementor-element-af4d430 elementor-align-center elementor-widget elementor-widget-button\" data-id=\"af4d430\" data-element_type=\"widget\" data-e-type=\"widget\" data-widget_type=\"button.default\">\n\t\t\t\t\t\t\t\t\t\t<a class=\"elementor-button elementor-button-link elementor-size-sm\" href=\"tel:041679289\">\n\t\t\t\t\t\t<span class=\"elementor-button-content-wrapper\">\n\t\t\t\t\t\t\t\t\t<span class=\"elementor-button-text\">REZERVIRAJ MIZO<\/span>\n\t\t\t\t\t<\/span>\n\t\t\t\t\t<\/a>\n\t\t\t\t\t\t\t\t<\/div>\n\t\t\t\t\t<\/div>\n\t\t\t\t<\/div>\n\t\t<div class=\"elementor-element elementor-element-42ada4e e-grid e-con-boxed e-con e-parent\" data-id=\"42ada4e\" data-element_type=\"container\" data-e-type=\"container\">\n\t\t\t\t\t<div class=\"e-con-inner\">\n\t\t\t\t\t\t\t\n\t\t<img class=\"e-image-base e-50286e9-d9ba682\" \n\t\t\t\t\tdata-interaction-id=\"50286e9\" \n\t\t \n\t\t \n\t\t\t\t\t\t\t\t\tid=\"108\"\n\t\t\t\t\t\t\t\t\t\t\t\tsrc=\"https:\/\/www.biljardklub-gomes.com\/wp-content\/uploads\/2026\/03\/kratke-mize.png\"\n\t\t\t\t\t\t\t\t\t\t\t\twidth=\"201\"\n\t\t\t\t\t\t\t\t\t\t\t\theight=\"135\"\n\t\t\t\t\t\t\t\t\t\t\t\tsrcset=\"\"\n\t\t\t\t\t\t\t\t\t\t\t\talt=\"\"\n\t\t\t\t\t\t\/>\n\t\t\t\t\t\t\t\t\n\t\t<img class=\"e-image-base \" \n\t\t\t\t\tdata-interaction-id=\"982ee0f\" \n\t\t \n\t\t \n\t\t\t\t\t\t\t\t\tid=\"110\"\n\t\t\t\t\t\t\t\t\t\t\t\tsrc=\"https:\/\/www.biljardklub-gomes.com\/wp-content\/uploads\/2026\/03\/sola-biljarda-mini.jpg\"\n\t\t\t\t\t\t\t\t\t\t\t\twidth=\"201\"\n\t\t\t\t\t\t\t\t\t\t\t\theight=\"135\"\n\t\t\t\t\t\t\t\t\t\t\t\tsrcset=\"\"\n\t\t\t\t\t\t\t\t\t\t\t\talt=\"\"\n\t\t\t\t\t\t\/>\n\t\t\t\t\t\t\t\t\n\t\t<img class=\"e-image-base \" \n\t\t\t\t\tdata-interaction-id=\"8fa668e\" \n\t\t \n\t\t \n\t\t\t\t\t\t\t\t\tid=\"111\"\n\t\t\t\t\t\t\t\t\t\t\t\tsrc=\"https:\/\/www.biljardklub-gomes.com\/wp-content\/uploads\/2026\/03\/turnirji.jpg\"\n\t\t\t\t\t\t\t\t\t\t\t\twidth=\"201\"\n\t\t\t\t\t\t\t\t\t\t\t\theight=\"135\"\n\t\t\t\t\t\t\t\t\t\t\t\tsrcset=\"\"\n\t\t\t\t\t\t\t\t\t\t\t\talt=\"\"\n\t\t\t\t\t\t\/>\n\t\t\t\t\t<div class=\"elementor-element elementor-element-7c0adcb elementor-widget elementor-widget-text-editor\" data-id=\"7c0adcb\" data-element_type=\"widget\" data-e-type=\"widget\" data-widget_type=\"text-editor.default\">\n\t\t\t\t\t\t\t\t\t<p style=\"text-align: center;\">4 profesionalne biljardne mize <br \/>Buffalo Pro II\u00a0<br \/>Najbolj\u0161i igralni pogoji dale\u010d naokoli.<\/p>\t\t\t\t\t\t\t\t<\/div>\n\t\t\t\t<div class=\"elementor-element elementor-element-710048e elementor-widget elementor-widget-text-editor\" data-id=\"710048e\" data-element_type=\"widget\" data-e-type=\"widget\" data-widget_type=\"text-editor.default\">\n\t\t\t\t\t\t\t\t\t<p style=\"text-align: center;\">\u0160ola biljarda, individualni treningi,<br \/>teambuildingi, \u0161olski \u0161portni dnevi, <br \/>rojstni dnevi in mnogo ve\u010d.<\/p>\t\t\t\t\t\t\t\t<\/div>\n\t\t\t\t<div class=\"elementor-element elementor-element-507f1d1 elementor-widget elementor-widget-text-editor\" data-id=\"507f1d1\" data-element_type=\"widget\" data-e-type=\"widget\" data-widget_type=\"text-editor.default\">\n\t\t\t\t\t\t\t\t\t<p style=\"text-align: center;\">Redni tedenski turnirji. <br \/>Trinivojski klubski tekmovalni sistem.<br \/>Turnirji Biljardne zveze Slovenije.<\/p>\t\t\t\t\t\t\t\t<\/div>\n\t\t\t\t\t<\/div>\n\t\t\t\t<\/div>\n\t\t<div class=\"elementor-element elementor-element-19e765b e-flex e-con-boxed e-con e-parent\" data-id=\"19e765b\" data-element_type=\"container\" data-e-type=\"container\">\n\t\t\t\t\t<div class=\"e-con-inner\">\n\t\t\t\t<div class=\"elementor-element elementor-element-983114b elementor-widget elementor-widget-google_maps\" data-id=\"983114b\" data-element_type=\"widget\" data-e-type=\"widget\" data-widget_type=\"google_maps.default\">\n\t\t\t\t\t\t\t<div class=\"elementor-custom-embed\">\n\t\t\t<iframe loading=\"lazy\"\n\t\t\t\t\tsrc=\"https:\/\/maps.google.com\/maps?q=biljard%20klub%20gomes&#038;t=m&#038;z=15&#038;output=embed&#038;iwloc=near\"\n\t\t\t\t\ttitle=\"biljard klub gomes\"\n\t\t\t\t\taria-label=\"biljard klub gomes\"\n\t\t\t><\/iframe>\n\t\t<\/div>\n\t\t\t\t\t\t<\/div>\n\t\t\t\t\t<\/div>\n\t\t\t\t<\/div>\n\t\t\t\t<\/div>\n\t\t","protected":false},"excerpt":{"rendered":"<p>\u00a0Najstarej\u0161i biljard klub na \u0160tajerskem &#8211; ustanovljen leta 2000 ODPIRALNI \u010cAS:Delavniki 16.00 &#8211; 22.00Sobota 18.00 &#8211; 22.00Nedelje in prazniki &#8211;\u00a0 [&hellip;]<\/p>\n","protected":false},"author":1,"featured_media":0,"parent":0,"menu_order":0,"comment_status":"closed","ping_status":"closed","template":"","meta":{"site-sidebar-layout":"no-sidebar","site-content-layout":"plain-container","ast-site-content-layout":"full-width-container","site-content-style":"default","site-sidebar-style":"default","ast-global-header-display":"","ast-banner-title-visibility":"","ast-main-header-display":"","ast-hfb-above-header-display":"","ast-hfb-below-header-display":"","ast-hfb-mobile-header-display":"","site-post-title":"disabled","ast-breadcrumbs-content":"","ast-featured-img":"disabled","footer-sml-layout":"","ast-disable-related-posts":"","theme-transparent-header-meta":"disabled","adv-header-id-meta":"","stick-header-meta":"","header-above-stick-meta":"","header-main-stick-meta":"","header-below-stick-meta":"","astra-migrate-meta-layouts":"default","ast-page-background-enabled":"default","ast-page-background-meta":{"desktop":{"background-color":"var(--ast-global-color-4)","background-image":"","background-repeat":"repeat","background-position":"center center","background-size":"auto","background-attachment":"scroll","background-type":"","background-media":"","overlay-type":"","overlay-color":"","overlay-opacity":"","overlay-gradient":""},"tablet":{"background-color":"","background-image":"","background-repeat":"repeat","background-position":"center center","background-size":"auto","background-attachment":"scroll","background-type":"","background-media":"","overlay-type":"","overlay-color":"","overlay-opacity":"","overlay-gradient":""},"mobile":{"background-color":"","background-image":"","background-repeat":"repeat","background-position":"center center","background-size":"auto","background-attachment":"scroll","background-type":"","background-media":"","overlay-type":"","overlay-color":"","overlay-opacity":"","overlay-gradient":""}},"ast-content-background-meta":{"desktop":{"background-color":"var(--ast-global-color-5)","background-image":"","background-repeat":"repeat","background-position":"center center","background-size":"auto","background-attachment":"scroll","background-type":"","background-media":"","overlay-type":"","overlay-color":"","overlay-opacity":"","overlay-gradient":""},"tablet":{"background-color":"var(--ast-global-color-5)","background-image":"","background-repeat":"repeat","background-position":"center center","background-size":"auto","background-attachment":"scroll","background-type":"","background-media":"","overlay-type":"","overlay-color":"","overlay-opacity":"","overlay-gradient":""},"mobile":{"background-color":"var(--ast-global-color-5)","background-image":"","background-repeat":"repeat","background-position":"center center","background-size":"auto","background-attachment":"scroll","background-type":"","background-media":"","overlay-type":"","overlay-color":"","overlay-opacity":"","overlay-gradient":""}},"footnotes":""},"class_list":["post-8","page","type-page","status-publish","hentry"],"_links":{"self":[{"href":"https:\/\/www.biljardklub-gomes.com\/index.php\/wp-json\/wp\/v2\/pages\/8","targetHints":{"allow":["GET"]}}],"collection":[{"href":"https:\/\/www.biljardklub-gomes.com\/index.php\/wp-json\/wp\/v2\/pages"}],"about":[{"href":"https:\/\/www.biljardklub-gomes.com\/index.php\/wp-json\/wp\/v2\/types\/page"}],"author":[{"embeddable":true,"href":"https:\/\/www.biljardklub-gomes.com\/index.php\/wp-json\/wp\/v2\/users\/1"}],"replies":[{"embeddable":true,"href":"https:\/\/www.biljardklub-gomes.com\/index.php\/wp-json\/wp\/v2\/comments?post=8"}],"version-history":[{"count":123,"href":"https:\/\/www.biljardklub-gomes.com\/index.php\/wp-json\/wp\/v2\/pages\/8\/revisions"}],"predecessor-version":[{"id":380,"href":"https:\/\/www.biljardklub-gomes.com\/index.php\/wp-json\/wp\/v2\/pages\/8\/revisions\/380"}],"wp:attachment":[{"href":"https:\/\/www.biljardklub-gomes.com\/index.php\/wp-json\/wp\/v2\/media?parent=8"}],"curies":[{"name":"wp","href":"https:\/\/api.w.org\/{rel}","templated":true}]}}